{"id":391,"date":"2024-04-08T09:22:03","date_gmt":"2024-04-08T09:22:03","guid":{"rendered":"https:\/\/www.arztpraxis-soernewitz.de\/?page_id=391"},"modified":"2024-04-25T19:15:27","modified_gmt":"2024-04-25T19:15:27","slug":"kontakt-anfahrt","status":"publish","type":"page","link":"https:\/\/www.arztpraxis-soernewitz.de\/?page_id=391","title":{"rendered":"Kontakt\/Anfahrt"},"content":{"rendered":"\n<h2 class=\"wp-block-heading\">Kontakt<\/h2>\n\n\n\n<p>Steingutstra\u00dfe 10<\/p>\n\n\n\n<p>01640 Coswig<\/p>\n\n\n\n<p>TEL 03523 71530                                FAX 03523 715774450<\/p>\n\n\n\n<p>MAIL post@arztpraxis-soernewitz.de<\/p>\n\n\n\n<div class=\"wp-block-group\"><div class=\"wp-block-group__inner-container is-layout-constrained wp-block-group-is-layout-constrained\">\n<div class=\"wp-block-columns is-layout-flex wp-container-core-columns-is-layout-9d6595d7 wp-block-columns-is-layout-flex\">\n<div class=\"wp-block-column is-layout-flow wp-block-column-is-layout-flow\">\n<iframe src=\"https:\/\/www.google.com\/maps\/embed?pb=!1m18!1m12!1m3!1d2502.9671958172985!2d13.548320877148129!3d51.14595603704296!2m3!1f0!2f0!3f0!3m2!1i1024!2i768!4f13.1!3m3!1m2!1s0x4709d6a1b1167405%3A0x7b4395b1e19f911d!2sSteingutstra%C3%9Fe%2010%2C%2001640%20Coswig!5e0!3m2!1sde!2sde!4v1713441084449!5m2!1sde!2sde\" width=\"600\" height=\"450\" style=\"border:0;\" allowfullscreen=\"\" loading=\"lazy\" referrerpolicy=\"no-referrer-when-downgrade\"><\/iframe>\n<\/div>\n<\/div>\n<\/div><\/div>\n\n\n\n<h2 class=\"wp-block-heading\">Anfahrt<\/h2>\n\n\n\n<p>Sie erreichen unsere Praxis sehr gut mit den \u00f6ffentlichen Verkehrsmitteln. Der S-Bahnhof &#8222;Neus\u00f6rnewitz&#8220; ist fu\u00dfl\u00e4ufig 300m entfernt. Die Buslinie 411 h\u00e4lt &#8222;Fabrikstra\u00dfe&#8220; oder &#8222;S-Bahnhof Neus\u00f6rnewitz, dann ist es nur noch ein kurzer Weg zu uns in Praxis.<\/p>\n\n\n\n<p class=\"has-text-align-left\">Wenn Sie mit dem Auto kommen, k\u00f6nnen Sie problemlos \u00fcber Brockwitz oder auch \u00fcber Weinb\u00f6hla \u00fcber die Cliebener Stra\u00dfe zu uns kommen. Parkpl\u00e4tze befinden sich auf der Steingutstra\u00dfe und auf der August-Bebel-Stra\u00dfe ausreichend.<\/p>\n","protected":false},"excerpt":{"rendered":"<p>Kontakt Steingutstra\u00dfe 10 01640 Coswig TEL 03523 71530 FAX 03523 715774450 MAIL post@arztpraxis-soernewitz.de Anfahrt Sie erreichen unsere Praxis sehr gut mit den \u00f6ffentlichen Verkehrsmitteln. Der S-Bahnhof &#8222;Neus\u00f6rnewitz&#8220; ist fu\u00dfl\u00e4ufig 300m entfernt. Die Buslinie 411 h\u00e4lt &#8222;Fabrikstra\u00dfe&#8220; oder &#8222;S-Bahnhof Neus\u00f6rnewitz, dann ist es nur noch ein kurzer Weg zu uns in Praxis. Wenn Sie mit dem [&hellip;]<\/p>\n","protected":false},"author":1,"featured_media":0,"parent":0,"menu_order":0,"comment_status":"closed","ping_status":"closed","template":"","meta":{"footnotes":""},"class_list":["post-391","page","type-page","status-publish","hentry","post-preview"],"_links":{"self":[{"href":"https:\/\/www.arztpraxis-soernewitz.de\/index.php?rest_route=\/wp\/v2\/pages\/391","targetHints":{"allow":["GET"]}}],"collection":[{"href":"https:\/\/www.arztpraxis-soernewitz.de\/index.php?rest_route=\/wp\/v2\/pages"}],"about":[{"href":"https:\/\/www.arztpraxis-soernewitz.de\/index.php?rest_route=\/wp\/v2\/types\/page"}],"author":[{"embeddable":true,"href":"https:\/\/www.arztpraxis-soernewitz.de\/index.php?rest_route=\/wp\/v2\/users\/1"}],"replies":[{"embeddable":true,"href":"https:\/\/www.arztpraxis-soernewitz.de\/index.php?rest_route=%2Fwp%2Fv2%2Fcomments&post=391"}],"version-history":[{"count":7,"href":"https:\/\/www.arztpraxis-soernewitz.de\/index.php?rest_route=\/wp\/v2\/pages\/391\/revisions"}],"predecessor-version":[{"id":470,"href":"https:\/\/www.arztpraxis-soernewitz.de\/index.php?rest_route=\/wp\/v2\/pages\/391\/revisions\/470"}],"wp:attachment":[{"href":"https:\/\/www.arztpraxis-soernewitz.de\/index.php?rest_route=%2Fwp%2Fv2%2Fmedia&parent=391"}],"curies":[{"name":"wp","href":"https:\/\/api.w.org\/{rel}","templated":true}]}}