{"id":15,"date":"2020-03-10T10:02:45","date_gmt":"2020-03-10T10:02:45","guid":{"rendered":"http:\/\/www.arztpraxis-soernewitz.de\/?page_id=15"},"modified":"2023-02-09T09:54:22","modified_gmt":"2023-02-09T09:54:22","slug":"impressum","status":"publish","type":"page","link":"https:\/\/www.arztpraxis-soernewitz.de\/?page_id=15","title":{"rendered":"Impressum"},"content":{"rendered":"\n<h4 class=\"has-text-color wp-block-heading\" style=\"color:#526975\"><strong><em>Angaben gem\u00e4\u00df \u00a7 5 TMG:<\/em><\/strong><\/h4>\n\n\n\n<p class=\"has-text-color has-small-font-size\" style=\"color:#526975\">Dr. med. Susann Hennesthal&nbsp;<br>Steingutstra\u00dfe 10&nbsp;<br>01640 Coswig&nbsp;<\/p>\n\n\n\n<p><\/p>\n\n\n\n<h4 class=\"has-text-color wp-block-heading\" style=\"color:#526975\"><strong><em>Kontakt:<\/em><\/strong><\/h4>\n\n\n\n<p class=\"has-text-color\" style=\"color:#526975\">Telefon: 03523 \/ 71530\u00a0<br>Telefax: 03523 \/ 774450\u00a0<br>E-Mail: post@arztpraxis-soernewitz.de\u00a0<\/p>\n\n\n\n<p><\/p>\n\n\n\n<h4 class=\"has-text-color wp-block-heading\" style=\"color:#526975\"><strong><em>Name des Arztes \/ der \u00c4rztin:<\/em><\/strong><\/h4>\n\n\n\n<p class=\"has-text-color\" style=\"color:#526975\">Dr. med. Susann Hennesthal&nbsp;<\/p>\n\n\n\n<p><\/p>\n\n\n\n<h4 class=\"has-text-color wp-block-heading\" style=\"color:#526975\"><strong><em>Inhaltlich Verantwortlicher gem\u00e4\u00df \u00a7 10 Absatz 3 MDStV:<\/em><\/strong><\/h4>\n\n\n\n<p class=\"has-text-color\" style=\"color:#526975\">Dr. med. Susann Hennesthal&nbsp;<\/p>\n\n\n\n<p><\/p>\n\n\n\n<h4 class=\"has-text-color wp-block-heading\" style=\"color:#526975\"><em><strong>Gesetzliche Berufsbezeichnung:<\/strong><\/em><\/h4>\n\n\n\n<p class=\"has-text-color\" style=\"color:#526975\">Arzt \/ \u00c4rztin&nbsp;<\/p>\n\n\n\n<p><\/p>\n\n\n\n<h4 class=\"has-text-color wp-block-heading\" style=\"color:#526975\"><strong><em>Staat, in dem die Berufsbezeichnung verliehen wurde:<\/em><\/strong><\/h4>\n\n\n\n<p class=\"has-text-color\" style=\"color:#526975\">Bundesrepublik Deutschland&nbsp;<\/p>\n\n\n\n<p><\/p>\n\n\n\n<h4 class=\"has-text-color wp-block-heading\" style=\"color:#526975\"><strong><em>Zust\u00e4ndige Landes\u00e4rztekammer:<\/em><\/strong><\/h4>\n\n\n\n<p class=\"has-text-color\" style=\"color:#526975\">S\u00e4chsische Landes\u00e4rztekammer&nbsp;<\/p>\n\n\n\n<p><\/p>\n\n\n\n<h4 class=\"has-text-color wp-block-heading\" style=\"color:#526975\"><strong><em>Name der Berufsordnung:<\/em><\/strong><\/h4>\n\n\n\n<p class=\"has-text-color\" style=\"color:#526975\">Berufsordnung der S\u00e4chsischen Landes\u00e4rztekammer<\/p>\n","protected":false},"excerpt":{"rendered":"<p>Angaben gem\u00e4\u00df \u00a7 5 TMG: Dr. med. Susann Hennesthal&nbsp;Steingutstra\u00dfe 10&nbsp;01640 Coswig&nbsp; Kontakt: Telefon: 03523 \/ 71530\u00a0Telefax: 03523 \/ 774450\u00a0E-Mail: post@arztpraxis-soernewitz.de\u00a0 Name des Arztes \/ der \u00c4rztin: Dr. med. Susann Hennesthal&nbsp; Inhaltlich Verantwortlicher gem\u00e4\u00df \u00a7 10 Absatz 3 MDStV: Dr. med. Susann Hennesthal&nbsp; Gesetzliche Berufsbezeichnung: Arzt \/ \u00c4rztin&nbsp; Staat, in dem die Berufsbezeichnung verliehen wurde: Bundesrepublik [&hellip;]<\/p>\n","protected":false},"author":1,"featured_media":0,"parent":0,"menu_order":0,"comment_status":"closed","ping_status":"closed","template":"","meta":{"footnotes":""},"class_list":["post-15","page","type-page","status-publish","hentry","post-preview"],"_links":{"self":[{"href":"https:\/\/www.arztpraxis-soernewitz.de\/index.php?rest_route=\/wp\/v2\/pages\/15","targetHints":{"allow":["GET"]}}],"collection":[{"href":"https:\/\/www.arztpraxis-soernewitz.de\/index.php?rest_route=\/wp\/v2\/pages"}],"about":[{"href":"https:\/\/www.arztpraxis-soernewitz.de\/index.php?rest_route=\/wp\/v2\/types\/page"}],"author":[{"embeddable":true,"href":"https:\/\/www.arztpraxis-soernewitz.de\/index.php?rest_route=\/wp\/v2\/users\/1"}],"replies":[{"embeddable":true,"href":"https:\/\/www.arztpraxis-soernewitz.de\/index.php?rest_route=%2Fwp%2Fv2%2Fcomments&post=15"}],"version-history":[{"count":9,"href":"https:\/\/www.arztpraxis-soernewitz.de\/index.php?rest_route=\/wp\/v2\/pages\/15\/revisions"}],"predecessor-version":[{"id":299,"href":"https:\/\/www.arztpraxis-soernewitz.de\/index.php?rest_route=\/wp\/v2\/pages\/15\/revisions\/299"}],"wp:attachment":[{"href":"https:\/\/www.arztpraxis-soernewitz.de\/index.php?rest_route=%2Fwp%2Fv2%2Fmedia&parent=15"}],"curies":[{"name":"wp","href":"https:\/\/api.w.org\/{rel}","templated":true}]}}