{"id":11,"date":"2020-03-10T10:02:21","date_gmt":"2020-03-10T10:02:21","guid":{"rendered":"http:\/\/www.arztpraxis-soernewitz.de\/?page_id=11"},"modified":"2023-02-09T09:44:59","modified_gmt":"2023-02-09T09:44:59","slug":"team","status":"publish","type":"page","link":"https:\/\/www.arztpraxis-soernewitz.de\/?page_id=11","title":{"rendered":"Team"},"content":{"rendered":"\n<h2 class=\"has-text-color wp-block-heading\" style=\"color:#526975\">Dr. med. Susann Hennesthal<\/h2>\n\n\n\n<p class=\"has-text-color\" style=\"color:#526975\"><strong><em>Fach\u00e4rztin f\u00fcr Innere Medizin in haus\u00e4rztlicher Versorgung<\/em><\/strong><\/p>\n\n\n\n<ul class=\"wp-block-list\">\n<li>1997- 2004 Studium der Humanmedizin in Dresden <\/li>\n\n\n\n<li>2004 &#8211; 2013  Klinik f\u00fcr Innere Medizin Elblandklinikum     Radebeul<\/li>\n\n\n\n<li>2010 &#8211; 2013 Onkozentrum Dresden <\/li>\n\n\n\n<li>bis 2013 T\u00e4tigkeit als Not\u00e4rztin<\/li>\n\n\n\n<li>2013 &#8211; 2019 in Gemeinschaftspraxis mit Dr. Borgmann in Radebeul<\/li>\n\n\n\n<li>2010-2021 Mitarbeit im Palliativteam &#8211; Homecare\/SAPV Plus<\/li>\n\n\n\n<li>seit 02.01.2020 \u00dcbernahme der Praxis von Frau Cathrin R\u00fctz<\/li>\n\n\n\n<li>ab 01.04.2020  Gemeinschaftspraxis S\u00f6rnewitz  <\/li>\n\n\n\n<li>seit Juni 2021 stellvertretende Vorsitzende vom s\u00e4chsischen Haus\u00e4rzteverband<\/li>\n<\/ul>\n\n\n\n<h2 class=\"has-text-color wp-block-heading\" style=\"color:#526975\">Dr. med. Gerburg Hildebrandt<\/h2>\n\n\n\n<p class=\"has-text-color\" style=\"color:#526975\"><strong><em>Fach\u00e4rztin f\u00fcr Innere Medizin in haus\u00e4rztlicher Versorgung<\/em><\/strong><\/p>\n\n\n\n<div class=\"wp-block-group alignfull\"><div class=\"wp-block-group__inner-container is-layout-flow wp-block-group-is-layout-flow\">\n<ul class=\"wp-block-list\">\n<li>1994 &#8211; 2000  Studium der Humanmedizin Universit\u00e4t Rostock<\/li>\n\n\n\n<li>2002 &#8211; 2003 Klinik f\u00fcr An\u00e4sthesiologie St\u00e4dt. Klinikum Dresden &#8211; Friedrichstadt, Dresden<\/li>\n\n\n\n<li>2004 &#8211; 2016 Klinik f\u00fcr Innere Medizin Elblandklinikum Radebeul<\/li>\n\n\n\n<li>2016 &#8211; 2019 Interdisziplin\u00e4res Notfallzentrum Elblandklinikum Mei\u00dfen<\/li>\n\n\n\n<li>ab 01.04.2020 Gemeinschaftspraxis S\u00f6rnewitz <\/li>\n<\/ul>\n<\/div><\/div>\n\n\n\n\n\n<p>Seit 2021 sind wir Lehrpraxis der Universit\u00e4t Dresden. Bei uns k\u00f6nnen Studenten ihr Blockpraktikum Allgemeinmedizin w\u00e4hrend des Studium absolvieren<\/p>\n","protected":false},"excerpt":{"rendered":"<p>Dr. med. Susann Hennesthal Fach\u00e4rztin f\u00fcr Innere Medizin in haus\u00e4rztlicher Versorgung Dr. med. Gerburg Hildebrandt Fach\u00e4rztin f\u00fcr Innere Medizin in haus\u00e4rztlicher Versorgung Seit 2021 sind wir Lehrpraxis der Universit\u00e4t Dresden. Bei uns k\u00f6nnen Studenten ihr Blockpraktikum Allgemeinmedizin w\u00e4hrend des Studium absolvieren<\/p>\n","protected":false},"author":1,"featured_media":0,"parent":0,"menu_order":0,"comment_status":"closed","ping_status":"closed","template":"","meta":{"footnotes":""},"class_list":["post-11","page","type-page","status-publish","hentry","post-preview"],"_links":{"self":[{"href":"https:\/\/www.arztpraxis-soernewitz.de\/index.php?rest_route=\/wp\/v2\/pages\/11","targetHints":{"allow":["GET"]}}],"collection":[{"href":"https:\/\/www.arztpraxis-soernewitz.de\/index.php?rest_route=\/wp\/v2\/pages"}],"about":[{"href":"https:\/\/www.arztpraxis-soernewitz.de\/index.php?rest_route=\/wp\/v2\/types\/page"}],"author":[{"embeddable":true,"href":"https:\/\/www.arztpraxis-soernewitz.de\/index.php?rest_route=\/wp\/v2\/users\/1"}],"replies":[{"embeddable":true,"href":"https:\/\/www.arztpraxis-soernewitz.de\/index.php?rest_route=%2Fwp%2Fv2%2Fcomments&post=11"}],"version-history":[{"count":20,"href":"https:\/\/www.arztpraxis-soernewitz.de\/index.php?rest_route=\/wp\/v2\/pages\/11\/revisions"}],"predecessor-version":[{"id":298,"href":"https:\/\/www.arztpraxis-soernewitz.de\/index.php?rest_route=\/wp\/v2\/pages\/11\/revisions\/298"}],"wp:attachment":[{"href":"https:\/\/www.arztpraxis-soernewitz.de\/index.php?rest_route=%2Fwp%2Fv2%2Fmedia&parent=11"}],"curies":[{"name":"wp","href":"https:\/\/api.w.org\/{rel}","templated":true}]}}